{"id":10480,"date":"2020-07-15T15:00:12","date_gmt":"2020-07-15T13:00:12","guid":{"rendered":"http:\/\/vilco.brussels\/?page_id=10480"},"modified":"2020-07-15T15:00:13","modified_gmt":"2020-07-15T13:00:13","slug":"rapport-de-recherche-vilco-mai-2020","status":"publish","type":"page","link":"http:\/\/vilco.brussels\/?page_id=10480","title":{"rendered":"Rapport de recherche VILCO &#8211; Mai 2020"},"content":{"rendered":"\n<div class=\"wp-block-image\"><figure class=\"aligncenter size-large\"><img loading=\"lazy\" width=\"296\" height=\"415\" src=\"http:\/\/vilco.brussels\/wp-content\/uploads\/2020\/07\/Rapportrecherche.png\" alt=\"\" class=\"wp-image-10484\" srcset=\"http:\/\/vilco.brussels\/wp-content\/uploads\/2020\/07\/Rapportrecherche.png 296w, http:\/\/vilco.brussels\/wp-content\/uploads\/2020\/07\/Rapportrecherche-214x300.png 214w, http:\/\/vilco.brussels\/wp-content\/uploads\/2020\/07\/Rapportrecherche-107x150.png 107w\" sizes=\"(max-width: 296px) 100vw, 296px\" \/><figcaption><a href=\"http:\/\/vilco.brussels\/wp-content\/uploads\/2020\/07\/2020-05_VILCO_RapportRecherche_Web.pdf\">D\u00e9couvrez le rapport de recherche VILCO<\/a>. Ce document synth\u00e9tise le parcours r\u00e9alis\u00e9 en 3 ans ainsi que les principaux apprentissages.<\/figcaption><\/figure><\/div>\n","protected":false},"excerpt":{"rendered":"","protected":false},"author":1,"featured_media":0,"parent":15,"menu_order":0,"comment_status":"closed","ping_status":"closed","template":"","meta":[],"_links":{"self":[{"href":"http:\/\/vilco.brussels\/index.php?rest_route=\/wp\/v2\/pages\/10480"}],"collection":[{"href":"http:\/\/vilco.brussels\/index.php?rest_route=\/wp\/v2\/pages"}],"about":[{"href":"http:\/\/vilco.brussels\/index.php?rest_route=\/wp\/v2\/types\/page"}],"author":[{"embeddable":true,"href":"http:\/\/vilco.brussels\/index.php?rest_route=\/wp\/v2\/users\/1"}],"replies":[{"embeddable":true,"href":"http:\/\/vilco.brussels\/index.php?rest_route=%2Fwp%2Fv2%2Fcomments&post=10480"}],"version-history":[{"count":4,"href":"http:\/\/vilco.brussels\/index.php?rest_route=\/wp\/v2\/pages\/10480\/revisions"}],"predecessor-version":[{"id":10487,"href":"http:\/\/vilco.brussels\/index.php?rest_route=\/wp\/v2\/pages\/10480\/revisions\/10487"}],"up":[{"embeddable":true,"href":"http:\/\/vilco.brussels\/index.php?rest_route=\/wp\/v2\/pages\/15"}],"wp:attachment":[{"href":"http:\/\/vilco.brussels\/index.php?rest_route=%2Fwp%2Fv2%2Fmedia&parent=10480"}],"curies":[{"name":"wp","href":"https:\/\/api.w.org\/{rel}","templated":true}]}}