{"id":2745,"date":"2019-05-02T14:57:31","date_gmt":"2019-05-02T12:57:31","guid":{"rendered":"http:\/\/vilco.brussels\/?page_id=2745"},"modified":"2019-10-10T13:49:20","modified_gmt":"2019-10-10T11:49:20","slug":"living-lab-de-watermael-boitsfort","status":"publish","type":"page","link":"http:\/\/vilco.brussels\/?page_id=2745","title":{"rendered":"Living Lab de Watermael-Boitsfort"},"content":{"rendered":"<h3>4. Exp\u00e9rimentations VILCO<\/h3>\n<h5><span style=\"color: #2d4664;\">N\u00b010 : Co-cr\u00e9ation d\u2019un protocole participatif d\u2019organisation d\u2019\u00e9v\u00e8nements<\/span><\/h5>\n<p>L\u2019exp\u00e9rimentation consiste \u00e0 co-construire un protocole permettant \u00e0 une initiative citoyenne et une commune d\u2019organiser de fa\u00e7on conjointe un \u00e9v\u00e8nement. Concr\u00e8tement, il s&rsquo;agit de d\u00e9velopper un projet de march\u00e9 populaire propos\u00e9 par les citoyens. <a href=\"http:\/\/vilco.brussels\/?page_id=3885\">Plus d&rsquo;informations sur l&rsquo;exp\u00e9rimentation n\u00b010<\/a>.<\/p>\n<h5><span style=\"color: #2d4664;\">N\u00b011 : Co-cr\u00e9ation d\u2019un \u00e9v\u00e8nement pour donner \u00e0 voir les initiatives locales<\/span><\/h5>\n<p>L&rsquo;exp\u00e9rimentation consiste \u00e0 tester le protocole \u00e9labor\u00e9 en exp\u00e9rimentation n\u00b010 pour un \u00e9v\u00e8nement propos\u00e9 par le pouvoir public local (Commune).<\/p>\n<h3>3. Pr\u00e9paration de la phase d&rsquo;exp\u00e9rimentation<\/h3>\n<p>A d\u00e9but\u00e9 en janvier 2019 la phase d&rsquo;exp\u00e9rimentation de VILCO. Pour son lancement, des ateliers ont \u00e9t\u00e9 men\u00e9s dans chaque living labs pour identifier les exp\u00e9rimentations qu&rsquo;ils souhaiteraient mener et co-cr\u00e9er leur modalit\u00e9s de mise en \u0153uvre.<\/p>\n<p>Pour trouver l&rsquo;ensemble des exp\u00e9rimentations d\u00e9velopp\u00e9es\u00a0<a href=\"http:\/\/vilco.brussels\/wp-content\/uploads\/2019\/05\/WB_exp\u00e9rimentations.pdf\">WB_exp\u00e9rimentations<\/a><\/p>\n<h3>2. Chantiers d&rsquo;innovation<\/h3>\n<p>Lors des chantiers d&rsquo;innovation, des ateliers ont \u00e9t\u00e9 men\u00e9s entre les membres des living labs pour \u00e9laborer une cartographie de la collaboration et identifier les turbulences r\u00e9currentes dans chaque living lab.<\/p>\n<p><img loading=\"lazy\" class=\"alignnone size-large wp-image-2772\" src=\"http:\/\/vilco.brussels\/wp-content\/uploads\/2019\/05\/20181005_175610-1024x576.jpg\" alt=\"\" width=\"640\" height=\"360\" srcset=\"http:\/\/vilco.brussels\/wp-content\/uploads\/2019\/05\/20181005_175610-1024x576.jpg 1024w, http:\/\/vilco.brussels\/wp-content\/uploads\/2019\/05\/20181005_175610-150x84.jpg 150w, http:\/\/vilco.brussels\/wp-content\/uploads\/2019\/05\/20181005_175610-300x169.jpg 300w, http:\/\/vilco.brussels\/wp-content\/uploads\/2019\/05\/20181005_175610-768x432.jpg 768w\" sizes=\"(max-width: 640px) 100vw, 640px\" \/><a href=\"http:\/\/vilco.brussels\/wp-content\/uploads\/2019\/05\/Slide1-4.jpeg\"><img loading=\"lazy\" class=\"alignnone size-large wp-image-2846\" src=\"http:\/\/vilco.brussels\/wp-content\/uploads\/2019\/05\/Slide1-4-1024x709.jpeg\" alt=\"\" width=\"640\" height=\"443\" srcset=\"http:\/\/vilco.brussels\/wp-content\/uploads\/2019\/05\/Slide1-4-1024x709.jpeg 1024w, http:\/\/vilco.brussels\/wp-content\/uploads\/2019\/05\/Slide1-4-150x104.jpeg 150w, http:\/\/vilco.brussels\/wp-content\/uploads\/2019\/05\/Slide1-4-300x208.jpeg 300w, http:\/\/vilco.brussels\/wp-content\/uploads\/2019\/05\/Slide1-4-768x532.jpeg 768w\" sizes=\"(max-width: 640px) 100vw, 640px\" \/><\/a><\/p>\n<p>Vous trouverez les turbulences identifi\u00e9es \u00e0 Watermael-Boitsfort dans <a href=\"http:\/\/vilco.brussels\/wp-content\/uploads\/2019\/05\/VILCO_Turbulences_WB.pdf\">ce document<\/a>.<\/p>\n<h3>1. Phase d&rsquo;immersion &#8211; visites crois\u00e9es<\/h3>\n<p>Au cours de cette premi\u00e8re phase d&rsquo;immersion, VILCO a organis\u00e9 des visites crois\u00e9es au sein des living labs. Cela a consist\u00e9 en la pr\u00e9sentation mutuelle des acteurs (initiatives citoyennes et commune) dans leur locaux. Ainsi agents de l&rsquo;administration et citoyens ont pu d\u00e9couvrir les actions, mode de fonctionnement et environnement de chacun.<\/p>\n<p><a href=\"http:\/\/vilco.brussels\/wp-content\/uploads\/2019\/05\/PV_Visuel_WatermaelBoitsfort.pdf\"><img loading=\"lazy\" class=\"alignnone size-large wp-image-2746\" src=\"http:\/\/vilco.brussels\/wp-content\/uploads\/2019\/05\/P1_WatermaelBoitsfort-1024x709.jpg\" alt=\"\" width=\"640\" height=\"443\" srcset=\"http:\/\/vilco.brussels\/wp-content\/uploads\/2019\/05\/P1_WatermaelBoitsfort-1024x709.jpg 1024w, http:\/\/vilco.brussels\/wp-content\/uploads\/2019\/05\/P1_WatermaelBoitsfort-150x104.jpg 150w, http:\/\/vilco.brussels\/wp-content\/uploads\/2019\/05\/P1_WatermaelBoitsfort-300x208.jpg 300w, http:\/\/vilco.brussels\/wp-content\/uploads\/2019\/05\/P1_WatermaelBoitsfort-768x532.jpg 768w\" sizes=\"(max-width: 640px) 100vw, 640px\" \/><\/a><\/p>\n<p>D\u00e9couvrez le d\u00e9roul\u00e9 de la visite crois\u00e9e du 2 mars 2018 en ligne dans <a href=\"http:\/\/vilco.brussels\/wp-content\/uploads\/2019\/05\/PV_Visuel_WatermaelBoitsfort.pdf\">ce fichier<\/a>.<\/p>\n","protected":false},"excerpt":{"rendered":"<p>4. Exp\u00e9rimentations VILCO N\u00b010 : Co-cr\u00e9ation d\u2019un protocole participatif d\u2019organisation d\u2019\u00e9v\u00e8nements L\u2019exp\u00e9rimentation consiste \u00e0 co-construire un protocole permettant \u00e0 une initiative citoyenne et une commune d\u2019organiser de fa\u00e7on conjointe un \u00e9v\u00e8nement. Concr\u00e8tement, il s&rsquo;agit de d\u00e9velopper un projet de march\u00e9 populaire propos\u00e9 par les citoyens. Plus d&rsquo;informations sur l&rsquo;exp\u00e9rimentation n\u00b010. N\u00b011 : Co-cr\u00e9ation d\u2019un \u00e9v\u00e8nement <a href=\"http:\/\/vilco.brussels\/?page_id=2745\" rel=\"nofollow\"><span class=\"sr-only\">Read more about Living Lab de Watermael-Boitsfort<\/span>[&hellip;]<\/a><\/p>\n","protected":false},"author":1,"featured_media":0,"parent":2816,"menu_order":0,"comment_status":"closed","ping_status":"closed","template":"","meta":[],"_links":{"self":[{"href":"http:\/\/vilco.brussels\/index.php?rest_route=\/wp\/v2\/pages\/2745"}],"collection":[{"href":"http:\/\/vilco.brussels\/index.php?rest_route=\/wp\/v2\/pages"}],"about":[{"href":"http:\/\/vilco.brussels\/index.php?rest_route=\/wp\/v2\/types\/page"}],"author":[{"embeddable":true,"href":"http:\/\/vilco.brussels\/index.php?rest_route=\/wp\/v2\/users\/1"}],"replies":[{"embeddable":true,"href":"http:\/\/vilco.brussels\/index.php?rest_route=%2Fwp%2Fv2%2Fcomments&post=2745"}],"version-history":[{"count":19,"href":"http:\/\/vilco.brussels\/index.php?rest_route=\/wp\/v2\/pages\/2745\/revisions"}],"predecessor-version":[{"id":6117,"href":"http:\/\/vilco.brussels\/index.php?rest_route=\/wp\/v2\/pages\/2745\/revisions\/6117"}],"up":[{"embeddable":true,"href":"http:\/\/vilco.brussels\/index.php?rest_route=\/wp\/v2\/pages\/2816"}],"wp:attachment":[{"href":"http:\/\/vilco.brussels\/index.php?rest_route=%2Fwp%2Fv2%2Fmedia&parent=2745"}],"curies":[{"name":"wp","href":"https:\/\/api.w.org\/{rel}","templated":true}]}}