{"id":3907,"date":"2019-07-19T16:06:14","date_gmt":"2019-07-19T14:06:14","guid":{"rendered":"http:\/\/vilco.brussels\/?page_id=3907"},"modified":"2020-06-18T07:58:16","modified_gmt":"2020-06-18T05:58:16","slug":"experimentation-6-budget-de-grands-projets-citoyens","status":"publish","type":"page","link":"http:\/\/vilco.brussels\/?page_id=3907","title":{"rendered":"Exp\u00e9rimentation 6 &#8211; Budget de Grands Projets citoyens"},"content":{"rendered":"<p>Dynamique locale : <strong><span style=\"color: #2d4664;\">Bruxelles Environnement<\/span><\/strong> (Bruxelles Environnement, communes, citoyens, associations)<br>\nTh\u00e9matique : <strong><span style=\"color: #ed6400;\">Budgets participatifs<\/span><\/strong><\/p>\n<p><img loading=\"lazy\" class=\"size-large wp-image-4074 aligncenter\" src=\"http:\/\/vilco.brussels\/wp-content\/uploads\/2019\/07\/IMG_7807-e1564130020549-1024x657.jpg\" alt=\"\" width=\"640\" height=\"411\" srcset=\"http:\/\/vilco.brussels\/wp-content\/uploads\/2019\/07\/IMG_7807-e1564130020549-1024x657.jpg 1024w, http:\/\/vilco.brussels\/wp-content\/uploads\/2019\/07\/IMG_7807-e1564130020549-150x96.jpg 150w, http:\/\/vilco.brussels\/wp-content\/uploads\/2019\/07\/IMG_7807-e1564130020549-300x193.jpg 300w, http:\/\/vilco.brussels\/wp-content\/uploads\/2019\/07\/IMG_7807-e1564130020549-768x493.jpg 768w, http:\/\/vilco.brussels\/wp-content\/uploads\/2019\/07\/IMG_7807-e1564130020549.jpg 1097w\" sizes=\"(max-width: 640px) 100vw, 640px\" \/><\/p>\n<h3>Probl\u00e9matique de d\u00e9part<\/h3>\n<p>Chaque ann\u00e9e Bruxelles Environnement (BE) attribue par voie d\u2019appels \u00e0 projets des subsides cons\u00e9quents aux collectifs citoyens et aux administrations communales et ce, dans le but de soutenir leurs actions respectives en faveur d\u2019une ville plus r\u00e9siliente. VILCO souhaite interroger cette fa\u00e7on d\u2019allouer les ressources financi\u00e8res ? Est-ce l\u2019unique mani\u00e8re ou la meilleure mani\u00e8re de proc\u00e9der ?<\/p>\n<h3>Objectif(s) de l\u2019exp\u00e9rimentation<\/h3>\n<p>A l\u2019\u00e9chelle de la R\u00e9gion, tester la capacit\u00e9 de diff\u00e9rents acteurs, institutionnels et citoyens, de d\u00e9cider de l\u2019attribution de \u2018grands budgets\u2019.<\/p>\n<ul>\n<li>D\u00e9finir la r\u00e9partition id\u00e9ale des ressources pour soutenir les dynamiques locales qui contribuent \u00e0 la r\u00e9silience de la ville.<\/li>\n<li>Identifier quelle est la meilleur mani\u00e8re d\u2019utiliser l\u2019argent public &#8211; de BE, pour que cela ait un impact sur la r\u00e9silience de la ville.<\/li>\n<li>Tester la capacit\u00e9 de diff\u00e9rents acteurs \u00e0 avoir une vision de bien-commun lors d\u2019une attribution d\u2019argent public.<\/li>\n<\/ul>\n<h3>Concr\u00e8tement\u2026<\/h3>\n<p>Il s\u2019agit d\u2019une exp\u00e9rimentation projective. Le but est d\u2019imaginer \u00e0 quoi pourrait ressembler demain. Lors de l\u2019atelier, les participants sont invit\u00e9s \u00e0 :<\/p>\n<ul>\n<li>Monter les sc\u00e9narios les plus propices dans une optique de bien-commun.<\/li>\n<li>Tester un budget participatif \u00e9largi, pr\u00e9voyant la r\u00e9partition d&rsquo;une enveloppe totale pour le financement des projets, leur accompagnement, le d\u00e9veloppement des expertises. Il s&rsquo;agirait d&rsquo;une enveloppe fictive test.<\/li>\n<li>Tenter de d\u00e9terminer quels sont les implications, les freins, leviers, etc. de cette approche.<\/li>\n<\/ul>\n<h3>O\u00f9 et quand ?<\/h3>\n<p>Rendez-vous le mardi 25 juin 2019, de 17h30 \u00e0 22h, au BEL (b\u00e2timent de Bruxelles Environnement, site de Tour &amp; Taxi, avenue du Port 86C, 1000 Bruxelles).<\/p>\n<h3>Au programme<\/h3>\n<p>Pr\u00e9sentation de quelques cas inspirants et atelier d&rsquo;\u00e9laboration des sc\u00e9narios.<\/p>\n<p><a href=\"http:\/\/vilco.brussels\/wp-content\/uploads\/2019\/07\/Exp6_CasInspirants.pdf\"><img loading=\"lazy\" class=\"aligncenter wp-image-5227 size-medium\" src=\"http:\/\/vilco.brussels\/wp-content\/uploads\/2019\/07\/Exp6_casinsp-300x210.png\" alt=\"\" width=\"300\" height=\"210\" srcset=\"http:\/\/vilco.brussels\/wp-content\/uploads\/2019\/07\/Exp6_casinsp-300x210.png 300w, http:\/\/vilco.brussels\/wp-content\/uploads\/2019\/07\/Exp6_casinsp-150x105.png 150w, http:\/\/vilco.brussels\/wp-content\/uploads\/2019\/07\/Exp6_casinsp-768x538.png 768w, http:\/\/vilco.brussels\/wp-content\/uploads\/2019\/07\/Exp6_casinsp.png 850w\" sizes=\"(max-width: 300px) 100vw, 300px\" \/><\/a><\/p>\n<h3><\/h3>\n<h3>Documents<\/h3>\n<p>En plus des deux t\u00e9moignages laiss\u00e9s sur le bolg VILCO <a href=\"http:\/\/vilco.brussels\/?p=3668\">par Carol Clara<\/a> (21 Solutions) et <a href=\"http:\/\/vilco.brussels\/?p=4050\">Piet Van Meerbeek<\/a> (BRAL), Voici un r\u00e9sum\u00e9 des trois sc\u00e9narios retenus : le Bruxelles des quartiers, les poup\u00e9es russes, &lsquo;Do it together&rsquo;.<\/p>\n<p><a href=\"http:\/\/vilco.brussels\/wp-content\/uploads\/2019\/07\/Exp6_EssentielScenarios.pdf\"><img loading=\"lazy\" class=\"aligncenter wp-image-5230 size-medium\" src=\"http:\/\/vilco.brussels\/wp-content\/uploads\/2019\/07\/BE_E6_SDS1-300x202.png\" alt=\"\" width=\"300\" height=\"202\" srcset=\"http:\/\/vilco.brussels\/wp-content\/uploads\/2019\/07\/BE_E6_SDS1-300x202.png 300w, http:\/\/vilco.brussels\/wp-content\/uploads\/2019\/07\/BE_E6_SDS1-150x101.png 150w, http:\/\/vilco.brussels\/wp-content\/uploads\/2019\/07\/BE_E6_SDS1-768x518.png 768w, http:\/\/vilco.brussels\/wp-content\/uploads\/2019\/07\/BE_E6_SDS1.png 1020w\" sizes=\"(max-width: 300px) 100vw, 300px\" \/><\/a><\/p>\n<p><a href=\"http:\/\/vilco.brussels\/wp-content\/uploads\/2020\/06\/CB_Experimentation6.pdf\">Carnet de bord<\/a> de l&rsquo;exp\u00e9rimentation.<\/p>\n<h3>Les sc\u00e9narios prospectifs produits<\/h3>\n<p><iframe loading=\"lazy\" src=\"https:\/\/player.vimeo.com\/video\/361818856\" allowfullscreen=\"allowfullscreen\" width=\"640\" height=\"364\" frameborder=\"0\"><\/iframe><br>\n<iframe loading=\"lazy\" src=\"https:\/\/player.vimeo.com\/video\/361820438\" allowfullscreen=\"allowfullscreen\" width=\"640\" height=\"364\" frameborder=\"0\"><\/iframe><br>\n<iframe loading=\"lazy\" src=\"https:\/\/player.vimeo.com\/video\/361819836\" allowfullscreen=\"allowfullscreen\" width=\"640\" height=\"364\" frameborder=\"0\"><\/iframe><br>\n<iframe loading=\"lazy\" src=\"https:\/\/player.vimeo.com\/video\/361820189\" allowfullscreen=\"allowfullscreen\" width=\"640\" height=\"364\" frameborder=\"0\"><\/iframe><br>\n<iframe loading=\"lazy\" src=\"https:\/\/player.vimeo.com\/video\/361819292\" allowfullscreen=\"allowfullscreen\" width=\"640\" height=\"364\" frameborder=\"0\"><\/iframe><\/p>\n\n\n<h3>Vid\u00e9o sur l&rsquo;exp\u00e9rimentation<\/h3>\n\n\n\n<p><iframe loading=\"lazy\" src=\"https:\/\/player.vimeo.com\/video\/430061429\" width=\"640\" height=\"364\" frameborder=\"0\" allowfullscreen=\"allowfullscreen\">\n","protected":false},"excerpt":{"rendered":"<p>Dynamique locale : Bruxelles Environnement (Bruxelles Environnement, communes, citoyens, associations) Th\u00e9matique : Budgets participatifs Probl\u00e9matique de d\u00e9part Chaque ann\u00e9e Bruxelles Environnement (BE) attribue par voie d\u2019appels \u00e0 projets des subsides cons\u00e9quents aux collectifs citoyens et aux administrations communales et ce, dans le but de soutenir leurs actions respectives en faveur d\u2019une ville plus r\u00e9siliente. VILCO <a href=\"http:\/\/vilco.brussels\/?page_id=3907\" rel=\"nofollow\"><span class=\"sr-only\">Read more about Exp\u00e9rimentation 6 &#8211; Budget de Grands Projets citoyens<\/span>[&hellip;]<\/a><\/p>\n","protected":false},"author":1,"featured_media":0,"parent":3563,"menu_order":0,"comment_status":"closed","ping_status":"closed","template":"","meta":[],"_links":{"self":[{"href":"http:\/\/vilco.brussels\/index.php?rest_route=\/wp\/v2\/pages\/3907"}],"collection":[{"href":"http:\/\/vilco.brussels\/index.php?rest_route=\/wp\/v2\/pages"}],"about":[{"href":"http:\/\/vilco.brussels\/index.php?rest_route=\/wp\/v2\/types\/page"}],"author":[{"embeddable":true,"href":"http:\/\/vilco.brussels\/index.php?rest_route=\/wp\/v2\/users\/1"}],"replies":[{"embeddable":true,"href":"http:\/\/vilco.brussels\/index.php?rest_route=%2Fwp%2Fv2%2Fcomments&post=3907"}],"version-history":[{"count":16,"href":"http:\/\/vilco.brussels\/index.php?rest_route=\/wp\/v2\/pages\/3907\/revisions"}],"predecessor-version":[{"id":10166,"href":"http:\/\/vilco.brussels\/index.php?rest_route=\/wp\/v2\/pages\/3907\/revisions\/10166"}],"up":[{"embeddable":true,"href":"http:\/\/vilco.brussels\/index.php?rest_route=\/wp\/v2\/pages\/3563"}],"wp:attachment":[{"href":"http:\/\/vilco.brussels\/index.php?rest_route=%2Fwp%2Fv2%2Fmedia&parent=3907"}],"curies":[{"name":"wp","href":"https:\/\/api.w.org\/{rel}","templated":true}]}}