{"id":4001,"date":"2019-07-23T15:29:37","date_gmt":"2019-07-23T13:29:37","guid":{"rendered":"http:\/\/vilco.brussels\/?page_id=4001"},"modified":"2020-02-14T16:34:35","modified_gmt":"2020-02-14T15:34:35","slug":"experimentation-2-le-communicathon-vilco","status":"publish","type":"page","link":"http:\/\/vilco.brussels\/?page_id=4001","title":{"rendered":"Exp\u00e9rimentation 2 &#8211; le \u2018Communikathon\u2019 VILCO"},"content":{"rendered":"<p><span style=\"color: #ed6400;\"><strong>Exp\u00e9rimentation collective<\/strong><\/span>, ouverte \u00e0 toutes les dynamiques locales<br>Th\u00e9matique :<strong><span style=\"color: #ed6400;\"> Communication conjointe<\/span><\/strong><\/p>\n<h3>Probl\u00e9matique de d\u00e9part<\/h3>\n<p>Dans une environnement m\u00e9diatique surcharg\u00e9, collectifs citoyens et Commune \u00e9prouvent des difficult\u00e9s \u00e0 faire conna\u00eetre les actions durables qu\u2019ils m\u00e8nent. Les outils de communication ne sont pas toujours maitris\u00e9s (graphisme, r\u00e9daction, r\u00e9seaux sociaux, etc.). Et les canaux de diffusion gagneraient \u00e0 \u00eatre soit plus cibl\u00e9s soit plus \u00e9tendus. Pourtant collectifs citoyens et administrations communales disposent de nombreuses comp\u00e9tences souvent compl\u00e9mentaires. Comment d\u00e8s lors mutualiser ces comp\u00e9tences pour augmenter l\u2019efficacit\u00e9 la communication vers les acteurs vis\u00e9s ?<\/p>\n<h3>Objectif(s) de l\u2019exp\u00e9rimentation<\/h3>\n<ul>\n<li>\u00c9changer les bonnes pratiques actuelles<\/li>\n<li>D\u00e9velopper de nouveaux modes de communication conjoints<\/li>\n<\/ul>\n<h3>Plus concr\u00e8tement\u2026<\/h3>\n<p>Inspir\u00e9 par le terme hackathon, contraction de hacker et marathon, qui d\u00e9signe un \u00e9v\u00e8nement o\u00f9 des d\u00e9veloppeurs se retrouvent en un m\u00eame lieu pour travailler en mode collaboratif sur des programmations informatiques, le <strong>&lsquo;communikathon&rsquo; VILCO a pour vocation de r\u00e9unir, le temps d\u2019un atelier d\u2019\u00e9change et d\u2019id\u00e9ation, les acteurs du projets qui souhaitent approfondir la question de la communication<\/strong>.<\/p>\n<p>Lors de cet atelier ouvert \u00e0 toutes les dynamiques locales, nous mettrons en commun les comp\u00e9tences dont nous disposons et imaginerons ensemble des m\u00e9thodes qui permettront aux citoyens et aux communes d&rsquo;amplifier l&rsquo;impact de leur communication.<\/p>\n<h3>O\u00f9 et quand ?<\/h3>\n<p>Le &lsquo;communikathon&rsquo; VILCO se d\u00e9roulera chez Strategic Design Scenarios (36-38, rue Dautzenberg \u00e0 1050 Ixelles), le jeudi 23 janvier 2020, de 18h \u00e0 21h.<\/p>\n\n\n<h3>Documents<\/h3>\n\n\n\n<p>L&rsquo;ensemble des id\u00e9es produites lors de cette atelier sont compil\u00e9es dans <a href=\"http:\/\/vilco.brussels\/wp-content\/uploads\/2020\/02\/VILCO_Communikathon_Atelier_Resultats-2.pdf\">ce document<\/a>. <\/p>\n","protected":false},"excerpt":{"rendered":"<p>Exp\u00e9rimentation collective, ouverte \u00e0 toutes les dynamiques localesTh\u00e9matique : Communication conjointe Probl\u00e9matique de d\u00e9part Dans une environnement m\u00e9diatique surcharg\u00e9, collectifs citoyens et Commune \u00e9prouvent des difficult\u00e9s \u00e0 faire conna\u00eetre les actions durables qu\u2019ils m\u00e8nent. Les outils de communication ne sont pas toujours maitris\u00e9s (graphisme, r\u00e9daction, r\u00e9seaux sociaux, etc.). Et les canaux de diffusion gagneraient \u00e0 <a href=\"http:\/\/vilco.brussels\/?page_id=4001\" rel=\"nofollow\"><span class=\"sr-only\">Read more about Exp\u00e9rimentation 2 &#8211; le \u2018Communikathon\u2019 VILCO<\/span>[&hellip;]<\/a><\/p>\n","protected":false},"author":1,"featured_media":0,"parent":1850,"menu_order":0,"comment_status":"closed","ping_status":"closed","template":"","meta":[],"_links":{"self":[{"href":"http:\/\/vilco.brussels\/index.php?rest_route=\/wp\/v2\/pages\/4001"}],"collection":[{"href":"http:\/\/vilco.brussels\/index.php?rest_route=\/wp\/v2\/pages"}],"about":[{"href":"http:\/\/vilco.brussels\/index.php?rest_route=\/wp\/v2\/types\/page"}],"author":[{"embeddable":true,"href":"http:\/\/vilco.brussels\/index.php?rest_route=\/wp\/v2\/users\/1"}],"replies":[{"embeddable":true,"href":"http:\/\/vilco.brussels\/index.php?rest_route=%2Fwp%2Fv2%2Fcomments&post=4001"}],"version-history":[{"count":4,"href":"http:\/\/vilco.brussels\/index.php?rest_route=\/wp\/v2\/pages\/4001\/revisions"}],"predecessor-version":[{"id":8532,"href":"http:\/\/vilco.brussels\/index.php?rest_route=\/wp\/v2\/pages\/4001\/revisions\/8532"}],"up":[{"embeddable":true,"href":"http:\/\/vilco.brussels\/index.php?rest_route=\/wp\/v2\/pages\/1850"}],"wp:attachment":[{"href":"http:\/\/vilco.brussels\/index.php?rest_route=%2Fwp%2Fv2%2Fmedia&parent=4001"}],"curies":[{"name":"wp","href":"https:\/\/api.w.org\/{rel}","templated":true}]}}