{"id":5550,"date":"2019-09-22T16:03:18","date_gmt":"2019-09-22T14:03:18","guid":{"rendered":"http:\/\/vilco.brussels\/?page_id=5550"},"modified":"2020-06-18T07:54:11","modified_gmt":"2020-06-18T05:54:11","slug":"experimentation-9-usage-ponctuel-de-batiments-publics","status":"publish","type":"page","link":"http:\/\/vilco.brussels\/?page_id=5550","title":{"rendered":"Exp\u00e9rimentation 9 &#8211; Usage ponctuel de b\u00e2timents publics"},"content":{"rendered":"<p><img loading=\"lazy\" class=\"size-large wp-image-6576 aligncenter\" src=\"http:\/\/vilco.brussels\/wp-content\/uploads\/2019\/09\/Exp9page-1024x554.png\" alt=\"\" width=\"640\" height=\"346\" srcset=\"http:\/\/vilco.brussels\/wp-content\/uploads\/2019\/09\/Exp9page-1024x554.png 1024w, http:\/\/vilco.brussels\/wp-content\/uploads\/2019\/09\/Exp9page-150x81.png 150w, http:\/\/vilco.brussels\/wp-content\/uploads\/2019\/09\/Exp9page-300x162.png 300w, http:\/\/vilco.brussels\/wp-content\/uploads\/2019\/09\/Exp9page-768x416.png 768w, http:\/\/vilco.brussels\/wp-content\/uploads\/2019\/09\/Exp9page.png 1339w\" sizes=\"(max-width: 640px) 100vw, 640px\" \/><\/p>\n<p>Dynamique locale : <strong>Bruxelles-Ville<\/strong> (Services &lsquo;D\u00e9veloppement durable&rsquo; &amp; &lsquo;Participation&rsquo;, collectif \u2018<a href=\"https:\/\/www.facebook.com\/1000bxltransition\">1000BXL en Transition<\/a>\u2019)<br>Th\u00e9matique : <strong>Mutualisation des ressources<\/strong><\/p>\n<h3>Probl\u00e9matique de d\u00e9part<\/h3>\n<p>Au sein d&rsquo;une commune ou d&rsquo;un quartier, des citoyens se rassemblent pour mettre en \u0153uvre des projets destin\u00e9s \u00e0 am\u00e9liorer la r\u00e9silience de la ville (&lsquo;Repair Caf\u00e9&rsquo;, march\u00e9 gratuit, etc.). Pleins d&rsquo;\u00e9nergie et de projets, leur capacit\u00e9 \u00e0 se mobiliser est rapidement frein\u00e9e par la difficult\u00e9 d&rsquo;organiser leur action en se r\u00e9unissant dans un lieu adapt\u00e9. La limite des trois &#8211; quatre pionniers d\u00e9pass\u00e9e, la cuisine des uns, le salon des autres ou encore le caf\u00e9 du coin ne permettent plus d&rsquo;accueillir le collectif en d\u00e9veloppement. Or dans le m\u00eame quartier, les pouvoirs locaux disposent de locaux qui sont rarement occup\u00e9s \u00e0 plein temps: \u00e9coles, maisons de quartiers, etc. D\u00e8s lors, comment favoriser l&rsquo;\u00e9mergence et le d\u00e9veloppement de ces mouvements citoyens en autorisant l&rsquo;usage ponctuel de b\u00e2timents publics ?<\/p>\n<h3>Objectifs de l&rsquo;exp\u00e9rimentation<\/h3>\n<ul>\n<li>Co-construire les modalit\u00e9s de la mise \u00e0 disposition de ces locaux, leurs conditions d&rsquo;acc\u00e8s.<\/li>\n<li>Partant d&rsquo;un exemple concret d&rsquo;un local, r\u00e9diger une proposition de convention entre la Ville de Bruxelles et 1000BXL en Transition.<\/li>\n<\/ul>\n<h3>Plus concr\u00e8tement&#8230;<\/h3>\n<div><span style=\"text-decoration: underline;\">1er atelier<\/span><\/div>\n<ol>\n<li>Pr\u00e9sentation par la Ville de Bruxelles de la liste de salles r\u00e9pertori\u00e9es.<\/li>\n<li>T\u00e9moignage d&rsquo;un membre de 1000BXL en Transition \u00e0 propos des d\u00e9buts du collectif et de la difficult\u00e9 d&rsquo;organiser des r\u00e9unions, de stocker un petit peu de mat\u00e9riel.<\/li>\n<li>Pr\u00e9sentation par VILCO de <a href=\"http:\/\/vilco.brussels\/wp-content\/uploads\/2019\/09\/VILCO_Exp9_CasInspirants.pdf\">cas inspirants<\/a>.<\/li>\n<li>Imagination des modalit\u00e9s de mise \u00e0 disposition de locaux par la ville, des contours d&rsquo;un potentiel &lsquo;service&rsquo; aux citoyens et du cheminement que l&rsquo;usager serait amen\u00e9 \u00e0 suivre.<\/li>\n<\/ol>\n<p><span style=\"text-decoration: underline;\">2\u00e8me atelier<\/span><\/p>\n<p>R\u00e9daction d&rsquo;une proposition de convention entre la Ville de Bruxelles et 1000 BXL en transition.<\/p>\n<h3>O\u00f9 et quand ?<\/h3>\n<p>Rdv pour le 1er atelier le&nbsp;mardi 17 septembre, de 19h \u00e0 21h,&nbsp; chez Bruxelles Participation, boulevard E. Jacqmain 19, 1000 BXL. Boissons offertes.<\/p>\n<h3>Documents<\/h3>\n<p><a href=\"http:\/\/vilco.brussels\/?p=6566\">Article de Lucia<\/a> \u00e0 propos de l&rsquo;atelier du 17 septembre. <br><a href=\"http:\/\/vilco.brussels\/wp-content\/uploads\/2019\/10\/livret_A3_VILCO_Exp9.pdf\">Maquette du service<\/a> de mise \u00e0 disposition de locaux par la Ville de Bruxelles.<br><a href=\"http:\/\/vilco.brussels\/wp-content\/uploads\/2019\/09\/siteweb_VILCO_Exp9.pdf\">Exemple de page web<\/a> du service de mise \u00e0 disposition des locaux par la Ville de Bruxelles.<br><a href=\"http:\/\/vilco.brussels\/wp-content\/uploads\/2020\/06\/CB_Experimentation9.pdf\">Carnet de bord<\/a> de l&rsquo;exp\u00e9rimentation.<\/p>\n\n\n<h3>Vid\u00e9o<\/h3>\n\n\n\n<p><iframe loading=\"lazy\" src=\"https:\/\/player.vimeo.com\/video\/430053635\" width=\"640\" height=\"364\" frameborder=\"0\" allowfullscreen=\"allowfullscreen\">\n","protected":false},"excerpt":{"rendered":"<p>Dynamique locale : Bruxelles-Ville (Services &lsquo;D\u00e9veloppement durable&rsquo; &amp; &lsquo;Participation&rsquo;, collectif \u20181000BXL en Transition\u2019)Th\u00e9matique : Mutualisation des ressources Probl\u00e9matique de d\u00e9part Au sein d&rsquo;une commune ou d&rsquo;un quartier, des citoyens se rassemblent pour mettre en \u0153uvre des projets destin\u00e9s \u00e0 am\u00e9liorer la r\u00e9silience de la ville (&lsquo;Repair Caf\u00e9&rsquo;, march\u00e9 gratuit, etc.). Pleins d&rsquo;\u00e9nergie et de projets, <a href=\"http:\/\/vilco.brussels\/?page_id=5550\" rel=\"nofollow\"><span class=\"sr-only\">Read more about Exp\u00e9rimentation 9 &#8211; Usage ponctuel de b\u00e2timents publics<\/span>[&hellip;]<\/a><\/p>\n","protected":false},"author":1,"featured_media":0,"parent":3563,"menu_order":0,"comment_status":"closed","ping_status":"closed","template":"","meta":[],"_links":{"self":[{"href":"http:\/\/vilco.brussels\/index.php?rest_route=\/wp\/v2\/pages\/5550"}],"collection":[{"href":"http:\/\/vilco.brussels\/index.php?rest_route=\/wp\/v2\/pages"}],"about":[{"href":"http:\/\/vilco.brussels\/index.php?rest_route=\/wp\/v2\/types\/page"}],"author":[{"embeddable":true,"href":"http:\/\/vilco.brussels\/index.php?rest_route=\/wp\/v2\/users\/1"}],"replies":[{"embeddable":true,"href":"http:\/\/vilco.brussels\/index.php?rest_route=%2Fwp%2Fv2%2Fcomments&post=5550"}],"version-history":[{"count":9,"href":"http:\/\/vilco.brussels\/index.php?rest_route=\/wp\/v2\/pages\/5550\/revisions"}],"predecessor-version":[{"id":10163,"href":"http:\/\/vilco.brussels\/index.php?rest_route=\/wp\/v2\/pages\/5550\/revisions\/10163"}],"up":[{"embeddable":true,"href":"http:\/\/vilco.brussels\/index.php?rest_route=\/wp\/v2\/pages\/3563"}],"wp:attachment":[{"href":"http:\/\/vilco.brussels\/index.php?rest_route=%2Fwp%2Fv2%2Fmedia&parent=5550"}],"curies":[{"name":"wp","href":"https:\/\/api.w.org\/{rel}","templated":true}]}}